{"id":1496,"date":"2019-03-29T12:22:18","date_gmt":"2019-03-29T11:22:18","guid":{"rendered":"https:\/\/casa-marta.com\/?page_id=1496"},"modified":"2019-03-29T12:25:38","modified_gmt":"2019-03-29T11:25:38","slug":"legal-information","status":"publish","type":"page","link":"https:\/\/casa-marta.com\/en\/mentions-legales\/","title":{"rendered":"Legal information"},"content":{"rendered":"<p>[et_pb_section fb_built=\u00a0\u00bb1&Prime; _builder_version=\u00a0\u00bb3.20.1&Prime; use_background_color_gradient=\u00a0\u00bbon\u00a0\u00bb background_color_gradient_start=\u00a0\u00bb#ffffff\u00a0\u00bb background_color_gradient_end=\u00a0\u00bbrgba(255,255,255,0.35)\u00a0\u00bb background_color_gradient_direction=\u00a0\u00bb80deg\u00a0\u00bb background_color_gradient_end_position=\u00a0\u00bb75%\u00a0\u00bb custom_padding=\u00a0\u00bb141px|0px|114px|0px|false|false\u00a0\u00bb bottom_divider_flip=\u00a0\u00bbvertical\u00a0\u00bb background_image=\u00a0\u00bbhttps:\/\/casa-marta.com\/wp-content\/uploads\/2019\/03\/AdobeStock_99047153-4.jpeg\u00a0\u00bb background_color_gradient_overlays_image=\u00a0\u00bbon\u00a0\u00bb][et_pb_row custom_width_px=\u00a0\u00bb1280px\u00a0\u00bb custom_padding=\u00a0\u00bb0|0px|0|0px|false|false\u00a0\u00bb custom_margin=\u00a0\u00bb|||\u00a0\u00bb _builder_version=\u00a0\u00bb3.0.82&Prime;][et_pb_column type=\u00a0\u00bb3_5&Prime; _builder_version=\u00a0\u00bb3.0.47&Prime;][et_pb_text _builder_version=\u00a0\u00bb3.20.1&Prime; text_font=\u00a0\u00bb||||||||\u00a0\u00bb text_font_size=\u00a0\u00bb23px\u00a0\u00bb header_font=\u00a0\u00bb||||||||\u00a0\u00bb header_text_color=\u00a0\u00bb#000000&Prime; header_font_size=\u00a0\u00bb2.5em\u00a0\u00bb header_font_size_last_edited=\u00a0\u00bboff|desktop\u00a0\u00bb header_line_height=\u00a0\u00bb1.3em\u00a0\u00bb background_layout=\u00a0\u00bbdark\u00a0\u00bb custom_padding=\u00a0\u00bb30px|||\u00a0\u00bb animation_style=\u00a0\u00bbslide\u00a0\u00bb animation_direction=\u00a0\u00bbbottom\u00a0\u00bb animation_intensity_slide=\u00a0\u00bb5%\u00a0\u00bb locked=\u00a0\u00bboff\u00a0\u00bb]<\/p>\n<h1>Mentions l\u00e9gales<\/h1>\n<p>[\/et_pb_text][\/et_pb_column][et_pb_column type=\u00a0\u00bb2_5&Prime; _builder_version=\u00a0\u00bb3.0.47&Prime;][\/et_pb_column][\/et_pb_row][\/et_pb_section][et_pb_section fb_built=\u00a0\u00bb1&Prime; admin_label=\u00a0\u00bbsection\u00a0\u00bb _builder_version=\u00a0\u00bb3.0.47&Prime; custom_padding=\u00a0\u00bb78px|0px|54px|0px|false|false\u00a0\u00bb][et_pb_row admin_label=\u00a0\u00bbrow\u00a0\u00bb _builder_version=\u00a0\u00bb3.0.48&Prime; background_size=\u00a0\u00bbinitial\u00a0\u00bb background_position=\u00a0\u00bbtop_left\u00a0\u00bb background_repeat=\u00a0\u00bbrepeat\u00a0\u00bb][et_pb_column type=\u00a0\u00bb4_4&Prime; _builder_version=\u00a0\u00bb3.0.47&Prime;][et_pb_text admin_label=\u00a0\u00bbText\u00a0\u00bb _builder_version=\u00a0\u00bb3.0.74&Prime; background_size=\u00a0\u00bbinitial\u00a0\u00bb background_position=\u00a0\u00bbtop_left\u00a0\u00bb background_repeat=\u00a0\u00bbrepeat\u00a0\u00bb]<\/p>\n<h3><strong>Editeur du site<\/strong><\/h3>\n<p>&nbsp;<\/p>\n<p>Christian Leveneur<\/p>\n<p>&nbsp;<\/p>\n<h3><strong>Directeur de la\u00a0<\/strong><b>publication<\/b><\/h3>\n<p>&nbsp;<\/p>\n<p>Christian Leveneur<\/p>\n<p>&nbsp;<\/p>\n<p>&nbsp;<\/p>\n<h3><strong>Conception &amp;\u00a0d\u00e9veloppement<\/strong><\/h3>\n<p><a href=\"https:\/\/nexize.com\" target=\"_blank\" rel=\"noopener\">Nexize<\/a><\/p>\n<p>&nbsp;<\/p>\n<h3><strong>H\u00e9bergement<\/strong><\/h3>\n<p>OVH<\/p>\n<p>\u00a0<span style=\"font-size: 14px;\">SAS au capital de 10\u00a0059\u00a0500\u00a0\u20ac<\/span><\/p>\n<p>Si\u00e8ge social : 2 rue Kellermann &#8211; 59100 Roubaix &#8211; France<\/p>\n<p>&nbsp;<\/p>\n<p>&nbsp;<\/p>\n<h3><strong>Donn\u00e9es personnelles<\/strong><\/h3>\n<p>Conform\u00e9ment \u00e0 la Loi du 6 janvier 1978 relative \u00e0 l\u2019informatique, aux fichiers et aux libert\u00e9s, vous disposez d\u2019un droit d\u2019acc\u00e8s et de rectification aux donn\u00e9es personnelles vous concernant. Vous pouvez exercer ce droit en ligne. Vous pouvez \u00e9galement nous \u00e9crire \u00e0 l\u2019adresse suivante :<br \/> Nexize &#8211; Informatique &amp; Libert\u00e9s &#8211;\u00a0121 rue d&rsquo;Aguesseau 92100 BOULOGNE<\/p>\n<p>&nbsp;<\/p>\n<p>&nbsp;<\/p>\n<h3><strong>Copyright<\/strong><\/h3>\n<p>&nbsp;<\/p>\n<p>Les textes et les \u00e9l\u00e9ments graphiques figurant sur ce site sont la propri\u00e9t\u00e9 exclusive de\u00a0Nexize.<br \/> Ils constituent des \u0153uvres et sont prot\u00e9g\u00e9s en tant que telles par l\u2019ensemble des r\u00e8gles relatives \u00e0 la propri\u00e9t\u00e9 intellectuelle.<br \/> Nexize\u00a0se r\u00e9serve le droit de modifier ou de corriger le contenu de ce site \u00e0 tout moment, et ce, sans pr\u00e9avis<\/p>\n<p>&nbsp;<\/p>\n<p>&nbsp;<\/p>\n<p>&nbsp;<\/p>\n<p>[\/et_pb_text][\/et_pb_column][\/et_pb_row][\/et_pb_section]<\/p>\n","protected":false},"excerpt":{"rendered":"<p>Mentions l\u00e9gales Editeur du site &nbsp; Christian Leveneur &nbsp; Directeur de la\u00a0publication &nbsp; Christian Leveneur &nbsp; &nbsp; Conception &amp;\u00a0d\u00e9veloppement Nexize &nbsp; H\u00e9bergement OVH \u00a0SAS au capital de 10\u00a0059\u00a0500\u00a0\u20ac Si\u00e8ge social : 2 rue Kellermann &#8211; 59100 Roubaix &#8211; France &nbsp; &nbsp; Donn\u00e9es personnelles Conform\u00e9ment \u00e0 la Loi du 6 janvier 1978 relative \u00e0 l\u2019informatique, aux fichiers et aux libert\u00e9s, vous disposez d\u2019un droit d\u2019acc\u00e8s et de rectification aux donn\u00e9es personnelles vous concernant. Vous pouvez exercer ce droit en ligne. Vous pouvez \u00e9galement nous \u00e9crire \u00e0 l\u2019adresse suivante : Nexize &#8211; Informatique &amp; Libert\u00e9s &#8211;\u00a0121 rue d&rsquo;Aguesseau 92100 BOULOGNE &nbsp; &nbsp; Copyright &nbsp; Les textes et les \u00e9l\u00e9ments graphiques figurant sur ce site sont la propri\u00e9t\u00e9 exclusive de\u00a0Nexize. Ils constituent des \u0153uvres et sont prot\u00e9g\u00e9s en tant que telles par l\u2019ensemble des r\u00e8gles relatives \u00e0 la propri\u00e9t\u00e9 intellectuelle. Nexize\u00a0se r\u00e9serve le droit de modifier ou de corriger le contenu de ce site \u00e0 tout moment, et ce, sans pr\u00e9avis &nbsp; &nbsp; &nbsp;<\/p>","protected":false},"author":2,"featured_media":0,"parent":0,"menu_order":0,"comment_status":"closed","ping_status":"closed","template":"","meta":{"_et_pb_use_builder":"on","_et_pb_old_content":"","_et_gb_content_width":"","footnotes":""},"class_list":["post-1496","page","type-page","status-publish","hentry"],"_links":{"self":[{"href":"https:\/\/casa-marta.com\/en\/wp-json\/wp\/v2\/pages\/1496","targetHints":{"allow":["GET"]}}],"collection":[{"href":"https:\/\/casa-marta.com\/en\/wp-json\/wp\/v2\/pages"}],"about":[{"href":"https:\/\/casa-marta.com\/en\/wp-json\/wp\/v2\/types\/page"}],"author":[{"embeddable":true,"href":"https:\/\/casa-marta.com\/en\/wp-json\/wp\/v2\/users\/2"}],"replies":[{"embeddable":true,"href":"https:\/\/casa-marta.com\/en\/wp-json\/wp\/v2\/comments?post=1496"}],"version-history":[{"count":0,"href":"https:\/\/casa-marta.com\/en\/wp-json\/wp\/v2\/pages\/1496\/revisions"}],"wp:attachment":[{"href":"https:\/\/casa-marta.com\/en\/wp-json\/wp\/v2\/media?parent=1496"}],"curies":[{"name":"wp","href":"https:\/\/api.w.org\/{rel}","templated":true}]}}